{"id":2124,"date":"2023-01-24T00:06:39","date_gmt":"2023-01-23T22:06:39","guid":{"rendered":"https:\/\/caltino.cat\/?page_id=2124"},"modified":"2025-01-12T22:12:02","modified_gmt":"2025-01-12T20:12:02","slug":"barbacoas","status":"publish","type":"page","link":"https:\/\/caltino.cat\/es\/garden-2\/jardineria\/barbacoas\/","title":{"rendered":"Barbacoas"},"content":{"rendered":"<p><div class=\"fusion-fullwidth fullwidth-box fusion-builder-row-1 fusion-flex-container nonhundred-percent-fullwidth non-hundred-percent-height-scrolling\" style=\"background-color: rgba(255,255,255,0);background-position: center center;background-repeat: no-repeat;border-width: 0px 0px 0px 0px;border-color:#e2e2e2;border-style:solid;\" ><div class=\"fusion-builder-row fusion-row fusion-flex-align-items-flex-start\" style=\"max-width:956.8px;margin-left: calc(-4% \/ 2 );margin-right: calc(-4% \/ 2 );\"><div class=\"fusion-layout-column fusion_builder_column fusion-builder-column-0 fusion_builder_column_1_1 1_1 fusion-flex-column\"><div class=\"fusion-column-wrapper fusion-flex-justify-content-flex-start fusion-content-layout-column\" style=\"background-position:left top;background-repeat:no-repeat;-webkit-background-size:cover;-moz-background-size:cover;-o-background-size:cover;background-size:cover;padding: 0px 0px 0px 0px;\"><div style=\"text-align:center;\"><span class=\" fusion-imageframe imageframe-none imageframe-1 hover-type-none\" style=\"max-width:100px;\"><img decoding=\"async\" width=\"160\" height=\"160\" title=\"Barbacoes@2x\" src=\"https:\/\/caltino.cat\/es\/wp-content\/uploads\/2022\/11\/Barbacoes@2x.png\" alt class=\"img-responsive wp-image-1541\" srcset=\"https:\/\/caltino.cat\/es\/wp-content\/uploads\/2022\/11\/Barbacoes@2x-66x66.png 66w, https:\/\/caltino.cat\/es\/wp-content\/uploads\/2022\/11\/Barbacoes@2x-150x150.png 150w, https:\/\/caltino.cat\/es\/wp-content\/uploads\/2022\/11\/Barbacoes@2x.png 160w\" sizes=\"(max-width: 160px) 100vw, 160px\" \/><\/span><\/div><style type=\"text\/css\"><\/style><div class=\"fusion-title title fusion-title-1 fusion-sep-none fusion-title-center fusion-title-text fusion-title-size-two fusion-title-default-margin\" style=\" margin-top:0px; margin-bottom:0px\"><h2 class=\"title-heading-center\">Barbacoas<\/h2><\/div><div class=\"fusion-text fusion-text-1\"><p style=\"text-align: center;\">Disponemos de diferentes tipos de barbacoas (de obra, de gas, de carb\u00f3n, el\u00e9ctricas&#8230;) as\u00ed como herramientas para su uso y mantenimiento.<\/p>\n<\/div><\/div><style type=\"text\/css\">.fusion-body .fusion-builder-column-0{width:100% !important;margin-top : 0px;margin-bottom : 20px;}.fusion-builder-column-0 > .fusion-column-wrapper {padding-top : 0px !important;padding-right : 0px !important;margin-right : 1.92%;padding-bottom : 0px !important;padding-left : 0px !important;margin-left : 1.92%;}@media only screen and (max-width:1024px) {.fusion-body .fusion-builder-column-0{width:100% !important;order : 0;}.fusion-builder-column-0 > .fusion-column-wrapper {margin-right : 1.92%;margin-left : 1.92%;}}@media only screen and (max-width:640px) {.fusion-body .fusion-builder-column-0{width:100% !important;order : 0;}.fusion-builder-column-0 > .fusion-column-wrapper {margin-right : 1.92%;margin-left : 1.92%;}}<\/style><\/div><\/div><style type=\"text\/css\">.fusion-body .fusion-flex-container.fusion-builder-row-1{ padding-top : 0px;margin-top : 0px;padding-right : 0px;padding-bottom : 0px;margin-bottom : 0px;padding-left : 0px;}<\/style><\/div><div class=\"fusion-fullwidth fullwidth-box fusion-builder-row-2 fusion-flex-container hundred-percent-fullwidth non-hundred-percent-height-scrolling\" style=\"background-color: rgba(255,255,255,0);background-position: center center;background-repeat: no-repeat;border-width: 0px 0px 0px 0px;border-color:#e2e2e2;border-style:solid;\" ><div class=\"fusion-builder-row fusion-row fusion-flex-align-items-flex-start\" style=\"width:104% !important;max-width:104% !important;margin-left: calc(-4% \/ 2 );margin-right: calc(-4% \/ 2 );\"><div class=\"fusion-layout-column fusion_builder_column fusion-builder-column-1 fusion_builder_column_1_1 1_1 fusion-flex-column\"><div class=\"fusion-column-wrapper fusion-flex-justify-content-flex-start fusion-content-layout-column\" style=\"background-position:left top;background-repeat:no-repeat;-webkit-background-size:cover;-moz-background-size:cover;-o-background-size:cover;background-size:cover;padding: 0px 0px 0px 0px;\"><div class=\"fusion-separator fusion-full-width-sep\" style=\"align-self: center;margin-left: auto;margin-right: auto;margin-bottom:25px;width:100%;\"><div class=\"fusion-separator-border sep-single sep-solid\" style=\"border-color:#e2e2e2;border-top-width:1px;\"><\/div><\/div><style type=\"text\/css\">.fusion-gallery-1 .fusion-gallery-image {border:0px solid #e2e2e2;}<\/style><div class=\"awb-gallery-wrapper awb-gallery-wrapper-1 button-span-no\"><div class=\"fusion-gallery fusion-gallery-container fusion-grid-4 fusion-columns-total-4 fusion-gallery-layout-masonry fusion-gallery-1\" style=\"margin:-5px;\"><div class=\"fusion-grid-column fusion-gallery-column fusion-gallery-column-4 hover-type-zoomin fusion-grid-sizer\"><\/div><div style=\"padding:5px;\" class=\"fusion-grid-column fusion-gallery-column fusion-gallery-column-4 hover-type-zoomin fusion-element-grid\"><div class=\"fusion-gallery-image\"><a href=\"https:\/\/caltino.cat\/es\/wp-content\/uploads\/2023\/01\/barbacoas_2231.jpg\" rel=\"noreferrer\" data-rel=\"iLightbox[gallery_image_1]\" class=\"fusion-lightbox\" target=\"_self\"><div style=\"background-image:url(https:\/\/caltino.cat\/es\/wp-content\/uploads\/2023\/01\/barbacoas_2231.jpg);padding-top:calc((100% + 10px) * 0.8 - 5px);background-position:;\" class=\"fusion-masonry-element-container\"><img decoding=\"async\" src=\"https:\/\/caltino.cat\/es\/wp-content\/uploads\/2023\/01\/barbacoas_2231.jpg\" width=\"1440\" height=\"960\" alt=\"\" title=\"barbacoas_2231\" aria-label=\"barbacoas_2231\" class=\"img-responsive wp-image-2125\" srcset=\"https:\/\/caltino.cat\/es\/wp-content\/uploads\/2023\/01\/barbacoas_2231-200x133.jpg 200w, https:\/\/caltino.cat\/es\/wp-content\/uploads\/2023\/01\/barbacoas_2231-400x267.jpg 400w, https:\/\/caltino.cat\/es\/wp-content\/uploads\/2023\/01\/barbacoas_2231-600x400.jpg 600w, https:\/\/caltino.cat\/es\/wp-content\/uploads\/2023\/01\/barbacoas_2231-800x533.jpg 800w, https:\/\/caltino.cat\/es\/wp-content\/uploads\/2023\/01\/barbacoas_2231-1200x800.jpg 1200w, https:\/\/caltino.cat\/es\/wp-content\/uploads\/2023\/01\/barbacoas_2231.jpg 1440w\" sizes=\"(min-width: 2200px) 100vw, (min-width: 856px) 226px, (min-width: 784px) 302px, (min-width: 712px) 453px, (min-width: 640px) 712px, \" \/><\/div><\/a><\/div><\/div><div style=\"padding:5px;\" class=\"fusion-grid-column fusion-gallery-column fusion-gallery-column-4 hover-type-zoomin fusion-element-grid\"><div class=\"fusion-gallery-image\"><a href=\"https:\/\/caltino.cat\/es\/wp-content\/uploads\/2023\/01\/barbacoas_2233.jpg\" rel=\"noreferrer\" data-rel=\"iLightbox[gallery_image_1]\" class=\"fusion-lightbox\" target=\"_self\"><div style=\"background-image:url(https:\/\/caltino.cat\/es\/wp-content\/uploads\/2023\/01\/barbacoas_2233.jpg);padding-top:calc((100% + 10px) * 0.8 - 5px);background-position:;\" class=\"fusion-masonry-element-container\"><img decoding=\"async\" src=\"https:\/\/caltino.cat\/es\/wp-content\/uploads\/2023\/01\/barbacoas_2233.jpg\" width=\"1440\" height=\"960\" alt=\"\" title=\"barbacoas_2233\" aria-label=\"barbacoas_2233\" class=\"img-responsive wp-image-2127\" srcset=\"https:\/\/caltino.cat\/es\/wp-content\/uploads\/2023\/01\/barbacoas_2233-200x133.jpg 200w, https:\/\/caltino.cat\/es\/wp-content\/uploads\/2023\/01\/barbacoas_2233-400x267.jpg 400w, https:\/\/caltino.cat\/es\/wp-content\/uploads\/2023\/01\/barbacoas_2233-600x400.jpg 600w, https:\/\/caltino.cat\/es\/wp-content\/uploads\/2023\/01\/barbacoas_2233-800x533.jpg 800w, https:\/\/caltino.cat\/es\/wp-content\/uploads\/2023\/01\/barbacoas_2233-1200x800.jpg 1200w, https:\/\/caltino.cat\/es\/wp-content\/uploads\/2023\/01\/barbacoas_2233.jpg 1440w\" sizes=\"(min-width: 2200px) 100vw, (min-width: 856px) 226px, (min-width: 784px) 302px, (min-width: 712px) 453px, (min-width: 640px) 712px, \" \/><\/div><\/a><\/div><\/div><div style=\"padding:5px;\" class=\"fusion-grid-column fusion-gallery-column fusion-gallery-column-4 hover-type-zoomin fusion-element-grid\"><div class=\"fusion-gallery-image\"><a href=\"https:\/\/caltino.cat\/es\/wp-content\/uploads\/2023\/01\/barbacoas_2238.jpg\" rel=\"noreferrer\" data-rel=\"iLightbox[gallery_image_1]\" class=\"fusion-lightbox\" target=\"_self\"><div style=\"background-image:url(https:\/\/caltino.cat\/es\/wp-content\/uploads\/2023\/01\/barbacoas_2238.jpg);padding-top:calc((100% + 10px) * 0.8 - 5px);background-position:;\" class=\"fusion-masonry-element-container\"><img decoding=\"async\" src=\"https:\/\/caltino.cat\/es\/wp-content\/uploads\/2023\/01\/barbacoas_2238.jpg\" width=\"1440\" height=\"960\" alt=\"\" title=\"barbacoas_2238\" aria-label=\"barbacoas_2238\" class=\"img-responsive wp-image-2129\" srcset=\"https:\/\/caltino.cat\/es\/wp-content\/uploads\/2023\/01\/barbacoas_2238-200x133.jpg 200w, https:\/\/caltino.cat\/es\/wp-content\/uploads\/2023\/01\/barbacoas_2238-400x267.jpg 400w, https:\/\/caltino.cat\/es\/wp-content\/uploads\/2023\/01\/barbacoas_2238-600x400.jpg 600w, https:\/\/caltino.cat\/es\/wp-content\/uploads\/2023\/01\/barbacoas_2238-800x533.jpg 800w, https:\/\/caltino.cat\/es\/wp-content\/uploads\/2023\/01\/barbacoas_2238-1200x800.jpg 1200w, https:\/\/caltino.cat\/es\/wp-content\/uploads\/2023\/01\/barbacoas_2238.jpg 1440w\" sizes=\"(min-width: 2200px) 100vw, (min-width: 856px) 226px, (min-width: 784px) 302px, (min-width: 712px) 453px, (min-width: 640px) 712px, \" \/><\/div><\/a><\/div><\/div><div style=\"padding:5px;\" class=\"fusion-grid-column fusion-gallery-column fusion-gallery-column-4 hover-type-zoomin fusion-element-grid\"><div class=\"fusion-gallery-image\"><a href=\"https:\/\/caltino.cat\/es\/wp-content\/uploads\/2023\/01\/barbacoas_2257.jpg\" rel=\"noreferrer\" data-rel=\"iLightbox[gallery_image_1]\" class=\"fusion-lightbox\" target=\"_self\"><div style=\"background-image:url(https:\/\/caltino.cat\/es\/wp-content\/uploads\/2023\/01\/barbacoas_2257.jpg);padding-top:calc((100% + 10px) * 0.8 - 5px);background-position:;\" class=\"fusion-masonry-element-container\"><img decoding=\"async\" src=\"https:\/\/caltino.cat\/es\/wp-content\/uploads\/2023\/01\/barbacoas_2257.jpg\" width=\"1440\" height=\"960\" alt=\"\" title=\"barbacoas_2257\" aria-label=\"barbacoas_2257\" class=\"img-responsive wp-image-2131\" srcset=\"https:\/\/caltino.cat\/es\/wp-content\/uploads\/2023\/01\/barbacoas_2257-200x133.jpg 200w, https:\/\/caltino.cat\/es\/wp-content\/uploads\/2023\/01\/barbacoas_2257-400x267.jpg 400w, https:\/\/caltino.cat\/es\/wp-content\/uploads\/2023\/01\/barbacoas_2257-600x400.jpg 600w, https:\/\/caltino.cat\/es\/wp-content\/uploads\/2023\/01\/barbacoas_2257-800x533.jpg 800w, https:\/\/caltino.cat\/es\/wp-content\/uploads\/2023\/01\/barbacoas_2257-1200x800.jpg 1200w, https:\/\/caltino.cat\/es\/wp-content\/uploads\/2023\/01\/barbacoas_2257.jpg 1440w\" sizes=\"(min-width: 2200px) 100vw, (min-width: 856px) 226px, (min-width: 784px) 302px, (min-width: 712px) 453px, (min-width: 640px) 712px, \" \/><\/div><\/a><\/div><\/div><\/div><\/div><div class=\"fusion-separator fusion-full-width-sep\" style=\"align-self: center;margin-left: auto;margin-right: auto;margin-top:25px;margin-bottom:25px;width:100%;\"><div class=\"fusion-separator-border sep-single sep-solid\" style=\"border-color:#e2e2e2;border-top-width:1px;\"><\/div><\/div><div style=\"text-align:center;\"><style>.fusion-body .fusion-button.button-1{border-radius:0px 0px 0px 0px;}<\/style><a class=\"fusion-button button-flat fusion-button-default-size button-default button-1 fusion-button-default-span fusion-button-default-type\" target=\"_self\" href=\"https:\/\/caltino.cat\/es\/garden\/jardineria\/\" style=\"margin-bottom:25px;\"><span class=\"fusion-button-text\">VOLVER<\/span><\/a><\/div><\/div><style type=\"text\/css\">.fusion-body .fusion-builder-column-1{width:100% !important;margin-top : 0px;margin-bottom : 20px;}.fusion-builder-column-1 > .fusion-column-wrapper {padding-top : 0px !important;padding-right : 0px !important;margin-right : 1.92%;padding-bottom : 0px !important;padding-left : 0px !important;margin-left : 1.92%;}@media only screen and (max-width:1024px) {.fusion-body .fusion-builder-column-1{width:100% !important;order : 0;}.fusion-builder-column-1 > .fusion-column-wrapper {margin-right : 1.92%;margin-left : 1.92%;}}@media only screen and (max-width:640px) {.fusion-body .fusion-builder-column-1{width:100% !important;order : 0;}.fusion-builder-column-1 > .fusion-column-wrapper {margin-right : 1.92%;margin-left : 1.92%;}}<\/style><\/div><\/div><style type=\"text\/css\">.fusion-body .fusion-flex-container.fusion-builder-row-2{ padding-top : 0px;margin-top : 0px;padding-right : 0px;padding-bottom : 50px;margin-bottom : 0px;padding-left : 0px;}<\/style><\/div><\/p>\n","protected":false},"excerpt":{"rendered":"","protected":false},"author":7,"featured_media":0,"parent":24,"menu_order":0,"comment_status":"closed","ping_status":"closed","template":"100-width.php","meta":{"_acf_changed":false,"_price":"","_stock":"","_tribe_ticket_header":"","_tribe_default_ticket_provider":"","_tribe_ticket_capacity":"0","_ticket_start_date":"","_ticket_end_date":"","_tribe_ticket_show_description":"","_tribe_ticket_show_not_going":false,"_tribe_ticket_use_global_stock":"","_tribe_ticket_global_stock_level":"","_global_stock_mode":"","_global_stock_cap":"","_tribe_rsvp_for_event":"","_tribe_ticket_going_count":"","_tribe_ticket_not_going_count":"","_tribe_tickets_list":"[]","_tribe_ticket_has_attendee_info_fields":false,"footnotes":""},"class_list":["post-2124","page","type-page","status-publish","hentry"],"acf":[],"jetpack_sharing_enabled":true,"_links":{"self":[{"href":"https:\/\/caltino.cat\/es\/wp-json\/wp\/v2\/pages\/2124","targetHints":{"allow":["GET"]}}],"collection":[{"href":"https:\/\/caltino.cat\/es\/wp-json\/wp\/v2\/pages"}],"about":[{"href":"https:\/\/caltino.cat\/es\/wp-json\/wp\/v2\/types\/page"}],"author":[{"embeddable":true,"href":"https:\/\/caltino.cat\/es\/wp-json\/wp\/v2\/users\/7"}],"replies":[{"embeddable":true,"href":"https:\/\/caltino.cat\/es\/wp-json\/wp\/v2\/comments?post=2124"}],"version-history":[{"count":4,"href":"https:\/\/caltino.cat\/es\/wp-json\/wp\/v2\/pages\/2124\/revisions"}],"predecessor-version":[{"id":5511,"href":"https:\/\/caltino.cat\/es\/wp-json\/wp\/v2\/pages\/2124\/revisions\/5511"}],"up":[{"embeddable":true,"href":"https:\/\/caltino.cat\/es\/wp-json\/wp\/v2\/pages\/24"}],"wp:attachment":[{"href":"https:\/\/caltino.cat\/es\/wp-json\/wp\/v2\/media?parent=2124"}],"curies":[{"name":"wp","href":"https:\/\/api.w.org\/{rel}","templated":true}]}}