{"id":3113,"date":"2023-02-09T14:52:02","date_gmt":"2023-02-09T12:52:02","guid":{"rendered":"https:\/\/caltino.cat\/diseno-de-proyectos-en-3d\/"},"modified":"2023-02-16T16:47:58","modified_gmt":"2023-02-16T14:47:58","slug":"diseno-de-proyectos-en-3d","status":"publish","type":"page","link":"https:\/\/caltino.cat\/es\/servicios-de-jardineria\/diseno-de-proyectos-en-3d\/","title":{"rendered":"Dise\u00f1o de proyectos en 3D"},"content":{"rendered":"<p><div class=\"fusion-fullwidth fullwidth-box fusion-builder-row-1 fusion-flex-container nonhundred-percent-fullwidth non-hundred-percent-height-scrolling\" style=\"background-color: rgba(255,255,255,0);background-position: center center;background-repeat: no-repeat;border-width: 0px 0px 0px 0px;border-color:#e2e2e2;border-style:solid;\" ><div class=\"fusion-builder-row fusion-row fusion-flex-align-items-flex-start\" style=\"max-width:956.8px;margin-left: calc(-4% \/ 2 );margin-right: calc(-4% \/ 2 );\"><div class=\"fusion-layout-column fusion_builder_column fusion-builder-column-0 fusion_builder_column_1_1 1_1 fusion-flex-column\"><div class=\"fusion-column-wrapper fusion-flex-justify-content-flex-start fusion-content-layout-column\" style=\"background-position:left top;background-repeat:no-repeat;-webkit-background-size:cover;-moz-background-size:cover;-o-background-size:cover;background-size:cover;padding: 0px 0px 0px 0px;\"><div style=\"text-align:center;\"><span class=\" fusion-imageframe imageframe-none imageframe-1 hover-type-none\" style=\"max-width:100px;\"><img decoding=\"async\" width=\"161\" height=\"160\" title=\"Disseny_3d@2x\" src=\"https:\/\/caltino.cat\/es\/wp-content\/uploads\/2022\/11\/Disseny_3d@2x.png\" alt class=\"img-responsive wp-image-1558\" srcset=\"https:\/\/caltino.cat\/es\/wp-content\/uploads\/2022\/11\/Disseny_3d@2x-66x66.png 66w, https:\/\/caltino.cat\/es\/wp-content\/uploads\/2022\/11\/Disseny_3d@2x-150x150.png 150w, https:\/\/caltino.cat\/es\/wp-content\/uploads\/2022\/11\/Disseny_3d@2x.png 161w\" sizes=\"(max-width: 161px) 100vw, 161px\" \/><\/span><\/div><style type=\"text\/css\"><\/style><div class=\"fusion-title title fusion-title-1 fusion-sep-none fusion-title-center fusion-title-text fusion-title-size-one fusion-title-default-margin\" style=\" margin-top:0px; margin-bottom:0px\"><h1 class=\"title-heading-center\"><p class=\"p1\"><span class=\"s1\">Dise\u00f1o de proyectos en 3D<\/span><\/p><\/h1><\/div><style type=\"text\/css\"><\/style><div class=\"fusion-title title fusion-title-2 fusion-sep-none fusion-title-center fusion-title-text fusion-title-size-three fusion-title-default-margin\" style=\" margin-top:0px; margin-bottom:0px\"><h3 class=\"title-heading-center\"><p class=\"p1\"><span class=\"s1\">TE AYUDAMOS A DISE\u00d1AR TU PROYECTO EN 3D<\/span><\/p><\/h3><\/div><\/div><style type=\"text\/css\">.fusion-body .fusion-builder-column-0{width:100% !important;margin-top : 0px;margin-bottom : 20px;}.fusion-builder-column-0 > .fusion-column-wrapper {padding-top : 0px !important;padding-right : 0px !important;margin-right : 1.92%;padding-bottom : 0px !important;padding-left : 0px !important;margin-left : 1.92%;}@media only screen and (max-width:1024px) {.fusion-body .fusion-builder-column-0{width:100% !important;order : 0;}.fusion-builder-column-0 > .fusion-column-wrapper {margin-right : 1.92%;margin-left : 1.92%;}}@media only screen and (max-width:640px) {.fusion-body .fusion-builder-column-0{width:100% !important;order : 0;}.fusion-builder-column-0 > .fusion-column-wrapper {margin-right : 1.92%;margin-left : 1.92%;}}<\/style><\/div><\/div><style type=\"text\/css\">.fusion-body .fusion-flex-container.fusion-builder-row-1{ padding-top : 0px;margin-top : 0px;padding-right : 0px;padding-bottom : 0px;margin-bottom : 0px;padding-left : 0px;}<\/style><\/div><div class=\"fusion-fullwidth fullwidth-box fusion-builder-row-2 fusion-flex-container nonhundred-percent-fullwidth non-hundred-percent-height-scrolling\" style=\"background-color: rgba(255,255,255,0);background-position: center center;background-repeat: no-repeat;border-width: 0px 0px 0px 0px;border-color:#e2e2e2;border-style:solid;\" ><div class=\"fusion-builder-row fusion-row fusion-flex-align-items-flex-start\" style=\"max-width:956.8px;margin-left: calc(-4% \/ 2 );margin-right: calc(-4% \/ 2 );\"><div class=\"fusion-layout-column fusion_builder_column fusion-builder-column-1 fusion_builder_column_1_2 1_2 fusion-flex-column\"><div class=\"fusion-column-wrapper fusion-flex-justify-content-flex-start fusion-content-layout-column\" style=\"background-position:left top;background-repeat:no-repeat;-webkit-background-size:cover;-moz-background-size:cover;-o-background-size:cover;background-size:cover;padding: 0px 0px 0px 0px;\"><div class=\"fusion-text fusion-text-1\"><p class=\"p1\">En Cal Tino somos profesionales del paisajismo y dise\u00f1amos proyectos en 3D en los que se aportan ideas y soluciones para la construcci\u00f3n del jard\u00edn o paisaje. Lo hacemos despu\u00e9s de visitar la zona y haber hablado con el cliente de sus intenciones y necesidades. S\u00f3lo as\u00ed, despu\u00e9s de haber consensuado este aspecto, representamos el concepto en un plano 3D que se adecue con exactitud a lo que ser\u00e1 la realidad.<\/p>\n<\/div><\/div><style type=\"text\/css\">.fusion-body .fusion-builder-column-1{width:50% !important;margin-top : 0px;margin-bottom : 20px;}.fusion-builder-column-1 > .fusion-column-wrapper {padding-top : 0px !important;padding-right : 0px !important;margin-right : 3.84%;padding-bottom : 0px !important;padding-left : 0px !important;margin-left : 3.84%;}@media only screen and (max-width:1024px) {.fusion-body .fusion-builder-column-1{width:50% !important;order : 0;}.fusion-builder-column-1 > .fusion-column-wrapper {margin-right : 3.84%;margin-left : 3.84%;}}@media only screen and (max-width:640px) {.fusion-body .fusion-builder-column-1{width:100% !important;order : 0;}.fusion-builder-column-1 > .fusion-column-wrapper {margin-right : 1.92%;margin-left : 1.92%;}}<\/style><\/div><div class=\"fusion-layout-column fusion_builder_column fusion-builder-column-2 fusion_builder_column_1_2 1_2 fusion-flex-column\"><div class=\"fusion-column-wrapper fusion-flex-justify-content-flex-start fusion-content-layout-column\" style=\"background-position:left top;background-repeat:no-repeat;-webkit-background-size:cover;-moz-background-size:cover;-o-background-size:cover;background-size:cover;padding: 0px 0px 0px 0px;\"><div class=\"fusion-text fusion-text-2\"><p class=\"p1\">Como profesionales, damos consejo a nuestros clientes en referencia a que es o no viable en la construcci\u00f3n del jard\u00edn o de la obra paisaj\u00edstica, teniendo en cuenta las necesidades y expectativas del cliente. Para realizar adecuadamente esta tarea disponemos de toda la maquinaria necesaria, as\u00ed como la mano de obra y el liderazgo intelectual de nuestros ingenieros, y con esa suma de experiencias colaboramos activamente durante toda la ejecuci\u00f3n para que la obra se ejecute a la perfecci\u00f3n.<\/p>\n<\/div><\/div><style type=\"text\/css\">.fusion-body .fusion-builder-column-2{width:50% !important;margin-top : 0px;margin-bottom : 20px;}.fusion-builder-column-2 > .fusion-column-wrapper {padding-top : 0px !important;padding-right : 0px !important;margin-right : 3.84%;padding-bottom : 0px !important;padding-left : 0px !important;margin-left : 3.84%;}@media only screen and (max-width:1024px) {.fusion-body .fusion-builder-column-2{width:50% !important;order : 0;}.fusion-builder-column-2 > .fusion-column-wrapper {margin-right : 3.84%;margin-left : 3.84%;}}@media only screen and (max-width:640px) {.fusion-body .fusion-builder-column-2{width:100% !important;order : 0;}.fusion-builder-column-2 > .fusion-column-wrapper {margin-right : 1.92%;margin-left : 1.92%;}}<\/style><\/div><\/div><style type=\"text\/css\">.fusion-body .fusion-flex-container.fusion-builder-row-2{ padding-top : 0px;margin-top : 0px;padding-right : 0px;padding-bottom : 0px;margin-bottom : 0px;padding-left : 0px;}<\/style><\/div><div class=\"fusion-fullwidth fullwidth-box fusion-builder-row-3 fusion-flex-container has-pattern-background has-mask-background nonhundred-percent-fullwidth non-hundred-percent-height-scrolling\" style=\"background-color: rgba(255,255,255,0);background-position: center center;background-repeat: no-repeat;border-width: 0px 0px 0px 0px;border-color:#e2e2e2;border-style:solid;\" ><div class=\"fusion-builder-row fusion-row fusion-flex-align-items-flex-start\" style=\"max-width:956.8px;margin-left: calc(-4% \/ 2 );margin-right: calc(-4% \/ 2 );\"><div class=\"fusion-layout-column fusion_builder_column fusion-builder-column-3 fusion_builder_column_1_1 1_1 fusion-flex-column\"><div class=\"fusion-column-wrapper fusion-flex-justify-content-flex-start fusion-content-layout-column\" style=\"background-position:left top;background-repeat:no-repeat;-webkit-background-size:cover;-moz-background-size:cover;-o-background-size:cover;background-size:cover;padding: 0px 0px 0px 0px;\"><style type=\"text\/css\">.fusion-gallery-1 .fusion-gallery-image {border:0px solid #e2e2e2;}<\/style><div class=\"awb-gallery-wrapper awb-gallery-wrapper-1 button-span-no\" style=\"--more-btn-alignment:center;\"><div class=\"fusion-gallery fusion-gallery-container fusion-grid-3 fusion-columns-total-8 fusion-gallery-layout-masonry fusion-gallery-1\" style=\"margin:-5px;\"><div class=\"fusion-grid-column fusion-gallery-column fusion-gallery-column-3 hover-type-zoomin fusion-grid-sizer\"><\/div><div style=\"padding:5px;\" class=\"fusion-grid-column fusion-gallery-column fusion-gallery-column-3 hover-type-zoomin fusion-element-grid\"><div class=\"fusion-gallery-image\"><a href=\"https:\/\/caltino.cat\/es\/wp-content\/uploads\/2023\/02\/Jardi_en_desnivell_a_Sitges_2.jpeg\" rel=\"noreferrer\" data-rel=\"iLightbox[gallery_image_1]\" class=\"fusion-lightbox\" target=\"_self\"><div style=\"background-image:url(https:\/\/caltino.cat\/es\/wp-content\/uploads\/2023\/02\/Jardi_en_desnivell_a_Sitges_2.jpeg);padding-top:calc((100% + 10px) * 0.8 - 5px);background-position:;\" class=\"fusion-masonry-element-container\"><img decoding=\"async\" src=\"https:\/\/caltino.cat\/es\/wp-content\/uploads\/2023\/02\/Jardi_en_desnivell_a_Sitges_2.jpeg\" width=\"1440\" height=\"960\" alt=\"\" title=\"Jardi_en_desnivell_a_Sitges_2\" aria-label=\"Jardi_en_desnivell_a_Sitges_2\" class=\"img-responsive wp-image-4120\" srcset=\"https:\/\/caltino.cat\/es\/wp-content\/uploads\/2023\/02\/Jardi_en_desnivell_a_Sitges_2-200x133.jpeg 200w, https:\/\/caltino.cat\/es\/wp-content\/uploads\/2023\/02\/Jardi_en_desnivell_a_Sitges_2-400x267.jpeg 400w, https:\/\/caltino.cat\/es\/wp-content\/uploads\/2023\/02\/Jardi_en_desnivell_a_Sitges_2-600x400.jpeg 600w, https:\/\/caltino.cat\/es\/wp-content\/uploads\/2023\/02\/Jardi_en_desnivell_a_Sitges_2-800x533.jpeg 800w, https:\/\/caltino.cat\/es\/wp-content\/uploads\/2023\/02\/Jardi_en_desnivell_a_Sitges_2-1200x800.jpeg 1200w, https:\/\/caltino.cat\/es\/wp-content\/uploads\/2023\/02\/Jardi_en_desnivell_a_Sitges_2.jpeg 1440w\" sizes=\"(min-width: 2200px) 100vw, (min-width: 784px) 303px, (min-width: 712px) 455px, (min-width: 640px) 712px, \" \/><\/div><\/a><\/div><\/div><div style=\"padding:5px;\" class=\"fusion-grid-column fusion-gallery-column fusion-gallery-column-3 hover-type-zoomin fusion-element-grid\"><div class=\"fusion-gallery-image\"><a href=\"https:\/\/caltino.cat\/es\/wp-content\/uploads\/2023\/02\/Enardinament_particullar_2.jpg\" rel=\"noreferrer\" data-rel=\"iLightbox[gallery_image_1]\" class=\"fusion-lightbox\" target=\"_self\"><div style=\"background-image:url(https:\/\/caltino.cat\/es\/wp-content\/uploads\/2023\/02\/Enardinament_particullar_2.jpg);padding-top:calc((100% + 10px) * 0.8 - 5px);background-position:;\" class=\"fusion-masonry-element-container\"><img decoding=\"async\" src=\"https:\/\/caltino.cat\/es\/wp-content\/uploads\/2023\/02\/Enardinament_particullar_2.jpg\" width=\"1440\" height=\"960\" alt=\"\" title=\"Enardinament_particullar_2\" aria-label=\"Enardinament_particullar_2\" class=\"img-responsive wp-image-4110\" srcset=\"https:\/\/caltino.cat\/es\/wp-content\/uploads\/2023\/02\/Enardinament_particullar_2-200x133.jpg 200w, https:\/\/caltino.cat\/es\/wp-content\/uploads\/2023\/02\/Enardinament_particullar_2-400x267.jpg 400w, https:\/\/caltino.cat\/es\/wp-content\/uploads\/2023\/02\/Enardinament_particullar_2-600x400.jpg 600w, https:\/\/caltino.cat\/es\/wp-content\/uploads\/2023\/02\/Enardinament_particullar_2-800x533.jpg 800w, https:\/\/caltino.cat\/es\/wp-content\/uploads\/2023\/02\/Enardinament_particullar_2-1200x800.jpg 1200w, https:\/\/caltino.cat\/es\/wp-content\/uploads\/2023\/02\/Enardinament_particullar_2.jpg 1440w\" sizes=\"(min-width: 2200px) 100vw, (min-width: 784px) 303px, (min-width: 712px) 455px, (min-width: 640px) 712px, \" \/><\/div><\/a><\/div><\/div><div style=\"padding:5px;\" class=\"fusion-grid-column fusion-gallery-column fusion-gallery-column-3 hover-type-zoomin fusion-element-grid\"><div class=\"fusion-gallery-image\"><a href=\"https:\/\/caltino.cat\/es\/wp-content\/uploads\/2023\/02\/Enjardinament_a_casa_4.jpg\" rel=\"noreferrer\" data-rel=\"iLightbox[gallery_image_1]\" class=\"fusion-lightbox\" target=\"_self\"><div style=\"background-image:url(https:\/\/caltino.cat\/es\/wp-content\/uploads\/2023\/02\/Enjardinament_a_casa_4.jpg);padding-top:calc((100% + 10px) * 0.8 - 5px);background-position:;\" class=\"fusion-masonry-element-container\"><img decoding=\"async\" src=\"https:\/\/caltino.cat\/es\/wp-content\/uploads\/2023\/02\/Enjardinament_a_casa_4.jpg\" width=\"1440\" height=\"960\" alt=\"\" title=\"Enjardinament_a_casa_4\" aria-label=\"Enjardinament_a_casa_4\" class=\"img-responsive wp-image-4112\" srcset=\"https:\/\/caltino.cat\/es\/wp-content\/uploads\/2023\/02\/Enjardinament_a_casa_4-200x133.jpg 200w, https:\/\/caltino.cat\/es\/wp-content\/uploads\/2023\/02\/Enjardinament_a_casa_4-400x267.jpg 400w, https:\/\/caltino.cat\/es\/wp-content\/uploads\/2023\/02\/Enjardinament_a_casa_4-600x400.jpg 600w, https:\/\/caltino.cat\/es\/wp-content\/uploads\/2023\/02\/Enjardinament_a_casa_4-800x533.jpg 800w, https:\/\/caltino.cat\/es\/wp-content\/uploads\/2023\/02\/Enjardinament_a_casa_4-1200x800.jpg 1200w, https:\/\/caltino.cat\/es\/wp-content\/uploads\/2023\/02\/Enjardinament_a_casa_4.jpg 1440w\" sizes=\"(min-width: 2200px) 100vw, (min-width: 784px) 303px, (min-width: 712px) 455px, (min-width: 640px) 712px, \" \/><\/div><\/a><\/div><\/div><div style=\"padding:5px;\" class=\"fusion-grid-column fusion-gallery-column fusion-gallery-column-3 hover-type-zoomin fusion-element-grid\"><div class=\"fusion-gallery-image\"><a href=\"https:\/\/caltino.cat\/es\/wp-content\/uploads\/2023\/02\/Enquadrament_particular_4.jpg\" rel=\"noreferrer\" data-rel=\"iLightbox[gallery_image_1]\" class=\"fusion-lightbox\" target=\"_self\"><div style=\"background-image:url(https:\/\/caltino.cat\/es\/wp-content\/uploads\/2023\/02\/Enquadrament_particular_4.jpg);padding-top:calc((100% + 10px) * 0.8 - 5px);background-position:;\" class=\"fusion-masonry-element-container\"><img decoding=\"async\" src=\"https:\/\/caltino.cat\/es\/wp-content\/uploads\/2023\/02\/Enquadrament_particular_4.jpg\" width=\"1440\" height=\"960\" alt=\"\" title=\"Enquadrament_particular_4\" aria-label=\"Enquadrament_particular_4\" class=\"img-responsive wp-image-4114\" srcset=\"https:\/\/caltino.cat\/es\/wp-content\/uploads\/2023\/02\/Enquadrament_particular_4-200x133.jpg 200w, https:\/\/caltino.cat\/es\/wp-content\/uploads\/2023\/02\/Enquadrament_particular_4-400x267.jpg 400w, https:\/\/caltino.cat\/es\/wp-content\/uploads\/2023\/02\/Enquadrament_particular_4-600x400.jpg 600w, https:\/\/caltino.cat\/es\/wp-content\/uploads\/2023\/02\/Enquadrament_particular_4-800x533.jpg 800w, https:\/\/caltino.cat\/es\/wp-content\/uploads\/2023\/02\/Enquadrament_particular_4-1200x800.jpg 1200w, https:\/\/caltino.cat\/es\/wp-content\/uploads\/2023\/02\/Enquadrament_particular_4.jpg 1440w\" sizes=\"(min-width: 2200px) 100vw, (min-width: 784px) 303px, (min-width: 712px) 455px, (min-width: 640px) 712px, \" \/><\/div><\/a><\/div><\/div><div style=\"padding:5px;\" class=\"fusion-grid-column fusion-gallery-column fusion-gallery-column-3 hover-type-zoomin fusion-element-grid\"><div class=\"fusion-gallery-image\"><a href=\"https:\/\/caltino.cat\/es\/wp-content\/uploads\/2023\/02\/Jardi_amb_piscina_5.jpg\" rel=\"noreferrer\" data-rel=\"iLightbox[gallery_image_1]\" class=\"fusion-lightbox\" target=\"_self\"><div style=\"background-image:url(https:\/\/caltino.cat\/es\/wp-content\/uploads\/2023\/02\/Jardi_amb_piscina_5.jpg);padding-top:calc((100% + 10px) * 0.8 - 5px);background-position:;\" class=\"fusion-masonry-element-container\"><img decoding=\"async\" src=\"https:\/\/caltino.cat\/es\/wp-content\/uploads\/2023\/02\/Jardi_amb_piscina_5.jpg\" width=\"1440\" height=\"960\" alt=\"\" title=\"Jardi_amb_piscina_5\" aria-label=\"Jardi_amb_piscina_5\" class=\"img-responsive wp-image-4116\" srcset=\"https:\/\/caltino.cat\/es\/wp-content\/uploads\/2023\/02\/Jardi_amb_piscina_5-200x133.jpg 200w, https:\/\/caltino.cat\/es\/wp-content\/uploads\/2023\/02\/Jardi_amb_piscina_5-400x267.jpg 400w, https:\/\/caltino.cat\/es\/wp-content\/uploads\/2023\/02\/Jardi_amb_piscina_5-600x400.jpg 600w, https:\/\/caltino.cat\/es\/wp-content\/uploads\/2023\/02\/Jardi_amb_piscina_5-800x533.jpg 800w, https:\/\/caltino.cat\/es\/wp-content\/uploads\/2023\/02\/Jardi_amb_piscina_5-1200x800.jpg 1200w, https:\/\/caltino.cat\/es\/wp-content\/uploads\/2023\/02\/Jardi_amb_piscina_5.jpg 1440w\" sizes=\"(min-width: 2200px) 100vw, (min-width: 784px) 303px, (min-width: 712px) 455px, (min-width: 640px) 712px, \" \/><\/div><\/a><\/div><\/div><div style=\"padding:5px;\" class=\"fusion-grid-column fusion-gallery-column fusion-gallery-column-3 hover-type-zoomin fusion-element-grid\"><div class=\"fusion-gallery-image\"><a href=\"https:\/\/caltino.cat\/es\/wp-content\/uploads\/2023\/02\/Jardi_en_desnivell_a_Sitges_1.jpeg\" rel=\"noreferrer\" data-rel=\"iLightbox[gallery_image_1]\" class=\"fusion-lightbox\" target=\"_self\"><div style=\"background-image:url(https:\/\/caltino.cat\/es\/wp-content\/uploads\/2023\/02\/Jardi_en_desnivell_a_Sitges_1.jpeg);padding-top:calc((100% + 10px) * 0.8 - 5px);background-position:;\" class=\"fusion-masonry-element-container\"><img decoding=\"async\" src=\"https:\/\/caltino.cat\/es\/wp-content\/uploads\/2023\/02\/Jardi_en_desnivell_a_Sitges_1.jpeg\" width=\"1440\" height=\"960\" alt=\"\" title=\"Jardi_en_desnivell_a_Sitges_1\" aria-label=\"Jardi_en_desnivell_a_Sitges_1\" class=\"img-responsive wp-image-4118\" srcset=\"https:\/\/caltino.cat\/es\/wp-content\/uploads\/2023\/02\/Jardi_en_desnivell_a_Sitges_1-200x133.jpeg 200w, https:\/\/caltino.cat\/es\/wp-content\/uploads\/2023\/02\/Jardi_en_desnivell_a_Sitges_1-400x267.jpeg 400w, https:\/\/caltino.cat\/es\/wp-content\/uploads\/2023\/02\/Jardi_en_desnivell_a_Sitges_1-600x400.jpeg 600w, https:\/\/caltino.cat\/es\/wp-content\/uploads\/2023\/02\/Jardi_en_desnivell_a_Sitges_1-800x533.jpeg 800w, https:\/\/caltino.cat\/es\/wp-content\/uploads\/2023\/02\/Jardi_en_desnivell_a_Sitges_1-1200x800.jpeg 1200w, https:\/\/caltino.cat\/es\/wp-content\/uploads\/2023\/02\/Jardi_en_desnivell_a_Sitges_1.jpeg 1440w\" sizes=\"(min-width: 2200px) 100vw, (min-width: 784px) 303px, (min-width: 712px) 455px, (min-width: 640px) 712px, \" \/><\/div><\/a><\/div><\/div><div style=\"padding:5px;\" class=\"fusion-grid-column fusion-gallery-column fusion-gallery-column-3 hover-type-zoomin fusion-element-grid\"><div class=\"fusion-gallery-image\"><a href=\"https:\/\/caltino.cat\/es\/wp-content\/uploads\/2023\/02\/projecte_oficina_3d.jpeg\" rel=\"noreferrer\" data-rel=\"iLightbox[gallery_image_1]\" class=\"fusion-lightbox\" target=\"_self\"><div style=\"background-image:url(https:\/\/caltino.cat\/es\/wp-content\/uploads\/2023\/02\/projecte_oficina_3d.jpeg);padding-top:calc((100% + 10px) * 0.8 - 5px);background-position:;\" class=\"fusion-masonry-element-container\"><img decoding=\"async\" src=\"https:\/\/caltino.cat\/es\/wp-content\/uploads\/2023\/02\/projecte_oficina_3d.jpeg\" width=\"900\" height=\"720\" alt=\"\" title=\"projecte_oficina_3d\" aria-label=\"projecte_oficina_3d\" class=\"img-responsive wp-image-4122\" srcset=\"https:\/\/caltino.cat\/es\/wp-content\/uploads\/2023\/02\/projecte_oficina_3d-200x160.jpeg 200w, https:\/\/caltino.cat\/es\/wp-content\/uploads\/2023\/02\/projecte_oficina_3d-400x320.jpeg 400w, https:\/\/caltino.cat\/es\/wp-content\/uploads\/2023\/02\/projecte_oficina_3d-600x480.jpeg 600w, https:\/\/caltino.cat\/es\/wp-content\/uploads\/2023\/02\/projecte_oficina_3d-800x640.jpeg 800w, https:\/\/caltino.cat\/es\/wp-content\/uploads\/2023\/02\/projecte_oficina_3d.jpeg 900w\" sizes=\"(min-width: 2200px) 100vw, (min-width: 784px) 303px, (min-width: 712px) 455px, (min-width: 640px) 712px, \" \/><\/div><\/a><\/div><\/div><div style=\"padding:5px;\" class=\"fusion-grid-column fusion-gallery-column fusion-gallery-column-3 hover-type-zoomin fusion-element-grid\"><div class=\"fusion-gallery-image\"><a href=\"https:\/\/caltino.cat\/es\/wp-content\/uploads\/2023\/02\/Transformacio_5.jpg\" rel=\"noreferrer\" data-rel=\"iLightbox[gallery_image_1]\" class=\"fusion-lightbox\" target=\"_self\"><div style=\"background-image:url(https:\/\/caltino.cat\/es\/wp-content\/uploads\/2023\/02\/Transformacio_5.jpg);padding-top:calc((100% + 10px) * 0.8 - 5px);background-position:;\" class=\"fusion-masonry-element-container\"><img decoding=\"async\" src=\"https:\/\/caltino.cat\/es\/wp-content\/uploads\/2023\/02\/Transformacio_5.jpg\" width=\"1440\" height=\"960\" alt=\"\" title=\"Transformacio_5\" aria-label=\"Transformacio_5\" class=\"img-responsive wp-image-4124\" srcset=\"https:\/\/caltino.cat\/es\/wp-content\/uploads\/2023\/02\/Transformacio_5-200x133.jpg 200w, https:\/\/caltino.cat\/es\/wp-content\/uploads\/2023\/02\/Transformacio_5-400x267.jpg 400w, https:\/\/caltino.cat\/es\/wp-content\/uploads\/2023\/02\/Transformacio_5-600x400.jpg 600w, https:\/\/caltino.cat\/es\/wp-content\/uploads\/2023\/02\/Transformacio_5-800x533.jpg 800w, https:\/\/caltino.cat\/es\/wp-content\/uploads\/2023\/02\/Transformacio_5-1200x800.jpg 1200w, https:\/\/caltino.cat\/es\/wp-content\/uploads\/2023\/02\/Transformacio_5.jpg 1440w\" sizes=\"(min-width: 2200px) 100vw, (min-width: 784px) 303px, (min-width: 712px) 455px, (min-width: 640px) 712px, \" \/><\/div><\/a><\/div><\/div><\/div><\/div><\/div><style type=\"text\/css\">.fusion-body .fusion-builder-column-3{width:100% !important;margin-top : 0px;margin-bottom : 20px;}.fusion-builder-column-3 > .fusion-column-wrapper {padding-top : 0px !important;padding-right : 0px !important;margin-right : 1.92%;padding-bottom : 0px !important;padding-left : 0px !important;margin-left : 1.92%;}@media only screen and (max-width:1024px) {.fusion-body .fusion-builder-column-3{width:100% !important;order : 0;}.fusion-builder-column-3 > .fusion-column-wrapper {margin-right : 1.92%;margin-left : 1.92%;}}@media only screen and (max-width:640px) {.fusion-body .fusion-builder-column-3{width:100% !important;order : 0;}.fusion-builder-column-3 > .fusion-column-wrapper {margin-right : 1.92%;margin-left : 1.92%;}}<\/style><\/div><\/div><style type=\"text\/css\">.fusion-body .fusion-flex-container.fusion-builder-row-3{ padding-top : 0px;margin-top : 0px;padding-right : 0px;padding-bottom : 0px;margin-bottom : 0px;padding-left : 0px;}<\/style><\/div><\/p>\n","protected":false},"excerpt":{"rendered":"","protected":false},"author":7,"featured_media":0,"parent":3116,"menu_order":0,"comment_status":"closed","ping_status":"closed","template":"100-width.php","meta":{"_acf_changed":false,"_price":"","_stock":"","_tribe_ticket_header":"","_tribe_default_ticket_provider":"","_tribe_ticket_capacity":"0","_ticket_start_date":"","_ticket_end_date":"","_tribe_ticket_show_description":"","_tribe_ticket_show_not_going":false,"_tribe_ticket_use_global_stock":"","_tribe_ticket_global_stock_level":"","_global_stock_mode":"","_global_stock_cap":"","_tribe_rsvp_for_event":"","_tribe_ticket_going_count":"","_tribe_ticket_not_going_count":"","_tribe_tickets_list":"[]","_tribe_ticket_has_attendee_info_fields":false,"footnotes":""},"class_list":["post-3113","page","type-page","status-publish","hentry"],"acf":[],"jetpack_sharing_enabled":true,"_links":{"self":[{"href":"https:\/\/caltino.cat\/es\/wp-json\/wp\/v2\/pages\/3113","targetHints":{"allow":["GET"]}}],"collection":[{"href":"https:\/\/caltino.cat\/es\/wp-json\/wp\/v2\/pages"}],"about":[{"href":"https:\/\/caltino.cat\/es\/wp-json\/wp\/v2\/types\/page"}],"author":[{"embeddable":true,"href":"https:\/\/caltino.cat\/es\/wp-json\/wp\/v2\/users\/7"}],"replies":[{"embeddable":true,"href":"https:\/\/caltino.cat\/es\/wp-json\/wp\/v2\/comments?post=3113"}],"version-history":[{"count":8,"href":"https:\/\/caltino.cat\/es\/wp-json\/wp\/v2\/pages\/3113\/revisions"}],"predecessor-version":[{"id":4192,"href":"https:\/\/caltino.cat\/es\/wp-json\/wp\/v2\/pages\/3113\/revisions\/4192"}],"up":[{"embeddable":true,"href":"https:\/\/caltino.cat\/es\/wp-json\/wp\/v2\/pages\/3116"}],"wp:attachment":[{"href":"https:\/\/caltino.cat\/es\/wp-json\/wp\/v2\/media?parent=3113"}],"curies":[{"name":"wp","href":"https:\/\/api.w.org\/{rel}","templated":true}]}}