{"id":3121,"date":"2023-02-09T15:53:53","date_gmt":"2023-02-09T13:53:53","guid":{"rendered":"https:\/\/caltino.cat\/servicios-de-jardineria\/construccion-de-jardines-y-espacios\/"},"modified":"2023-02-16T16:50:51","modified_gmt":"2023-02-16T14:50:51","slug":"construccion-de-jardines-y-espacios","status":"publish","type":"page","link":"https:\/\/caltino.cat\/es\/servicios-de-jardineria\/construccion-de-jardines-y-espacios\/","title":{"rendered":"Construcci\u00f3n de jardines y espacios"},"content":{"rendered":"<p><div class=\"fusion-fullwidth fullwidth-box fusion-builder-row-1 fusion-flex-container nonhundred-percent-fullwidth non-hundred-percent-height-scrolling\" style=\"background-color: rgba(255,255,255,0);background-position: center center;background-repeat: no-repeat;border-width: 0px 0px 0px 0px;border-color:#e2e2e2;border-style:solid;\" ><div class=\"fusion-builder-row fusion-row fusion-flex-align-items-flex-start\" style=\"max-width:956.8px;margin-left: calc(-4% \/ 2 );margin-right: calc(-4% \/ 2 );\"><div class=\"fusion-layout-column fusion_builder_column fusion-builder-column-0 fusion_builder_column_1_1 1_1 fusion-flex-column\"><div class=\"fusion-column-wrapper fusion-flex-justify-content-flex-start fusion-content-layout-column\" style=\"background-position:left top;background-repeat:no-repeat;-webkit-background-size:cover;-moz-background-size:cover;-o-background-size:cover;background-size:cover;padding: 0px 0px 0px 0px;\"><div style=\"text-align:center;\"><span class=\" fusion-imageframe imageframe-none imageframe-1 hover-type-none\" style=\"max-width:100px;\"><img decoding=\"async\" width=\"160\" height=\"160\" title=\"Construccio\u0301_espais_jardins@2x\" src=\"https:\/\/caltino.cat\/es\/wp-content\/uploads\/2022\/11\/Construccio\u0301_espais_jardins@2x.png\" alt class=\"img-responsive wp-image-1546\" srcset=\"https:\/\/caltino.cat\/es\/wp-content\/uploads\/2022\/11\/Construccio\u0301_espais_jardins@2x-66x66.png 66w, https:\/\/caltino.cat\/es\/wp-content\/uploads\/2022\/11\/Construccio\u0301_espais_jardins@2x-150x150.png 150w, https:\/\/caltino.cat\/es\/wp-content\/uploads\/2022\/11\/Construccio\u0301_espais_jardins@2x.png 160w\" sizes=\"(max-width: 160px) 100vw, 160px\" \/><\/span><\/div><style type=\"text\/css\"><\/style><div class=\"fusion-title title fusion-title-1 fusion-sep-none fusion-title-center fusion-title-text fusion-title-size-one fusion-title-default-margin\" style=\" margin-top:0px; margin-bottom:0px\"><h1 class=\"title-heading-center\">Construcci\u00f3n de jardines y espacios<\/h1><\/div><style type=\"text\/css\"><\/style><div class=\"fusion-title title fusion-title-2 fusion-sep-none fusion-title-center fusion-title-text fusion-title-size-three fusion-title-default-margin\" style=\" margin-top:0px; margin-bottom:0px\"><h3 class=\"title-heading-center\"><p class=\"p1\"><span class=\"s1\">CONSTRUIMOS EL JARD\u00cdN DE TUS SUE\u00d1OS<\/span><\/p><\/h3><\/div><div class=\"fusion-text fusion-text-1\"><p class=\"p1\" style=\"text-align: center;\">El dise\u00f1o en 3D y la posterior construcci\u00f3n de jardines es la principal l\u00ednea de actividad que<br \/>\ndesarrolla Cal Tino. Disponemos de la maquinaria necesaria para toda la serie de trabajos<br \/>\nque implica la construcci\u00f3n de un jard\u00edn.<\/p>\n<\/div><\/div><style type=\"text\/css\">.fusion-body .fusion-builder-column-0{width:100% !important;margin-top : 0px;margin-bottom : 20px;}.fusion-builder-column-0 > .fusion-column-wrapper {padding-top : 0px !important;padding-right : 0px !important;margin-right : 1.92%;padding-bottom : 0px !important;padding-left : 0px !important;margin-left : 1.92%;}@media only screen and (max-width:1024px) {.fusion-body .fusion-builder-column-0{width:100% !important;order : 0;}.fusion-builder-column-0 > .fusion-column-wrapper {margin-right : 1.92%;margin-left : 1.92%;}}@media only screen and (max-width:640px) {.fusion-body .fusion-builder-column-0{width:100% !important;order : 0;}.fusion-builder-column-0 > .fusion-column-wrapper {margin-right : 1.92%;margin-left : 1.92%;}}<\/style><\/div><\/div><style type=\"text\/css\">.fusion-body .fusion-flex-container.fusion-builder-row-1{ padding-top : 0px;margin-top : 0px;padding-right : 0px;padding-bottom : 0px;margin-bottom : 0px;padding-left : 0px;}<\/style><\/div><div class=\"fusion-fullwidth fullwidth-box fusion-builder-row-2 fusion-flex-container has-pattern-background has-mask-background hundred-percent-fullwidth non-hundred-percent-height-scrolling\" style=\"background-color: rgba(255,255,255,0);background-position: center center;background-repeat: no-repeat;border-width: 0px 0px 0px 0px;border-color:#e2e2e2;border-style:solid;\" ><div class=\"fusion-builder-row fusion-row fusion-flex-align-items-flex-start\" style=\"width:104% !important;max-width:104% !important;margin-left: calc(-4% \/ 2 );margin-right: calc(-4% \/ 2 );\"><div class=\"fusion-layout-column fusion_builder_column fusion-builder-column-1 fusion_builder_column_1_1 1_1 fusion-flex-column\"><div class=\"fusion-column-wrapper fusion-flex-justify-content-flex-start fusion-content-layout-column\" style=\"background-position:left top;background-repeat:no-repeat;-webkit-background-size:cover;-moz-background-size:cover;-o-background-size:cover;background-size:cover;padding: 0px 0px 0px 0px;\"><div class=\"fusion-slider-sc\"><div class=\"fusion-flexslider-loading flexslider flexslider-hover-type-none\" data-slideshow_autoplay=\"1\" data-slideshow_smooth_height=\"0\" data-slideshow_speed=\"7000\" style=\"max-width:100%;height:100%;\"><ul class=\"slides\"><li class=\"image\"><span class=\"fusion-image-hover-element hover-type-none\"><img decoding=\"async\" src=\"https:\/\/caltino.cat\/es\/wp-content\/uploads\/2023\/02\/Construccio_de_jardi_ideal_per_celebracions_3.jpg\" width=\"1440\" height=\"960\" class=\"wp-image-4137\" srcset=\"https:\/\/caltino.cat\/es\/wp-content\/uploads\/2023\/02\/Construccio_de_jardi_ideal_per_celebracions_3-200x133.jpg 200w, https:\/\/caltino.cat\/es\/wp-content\/uploads\/2023\/02\/Construccio_de_jardi_ideal_per_celebracions_3-400x267.jpg 400w, https:\/\/caltino.cat\/es\/wp-content\/uploads\/2023\/02\/Construccio_de_jardi_ideal_per_celebracions_3-600x400.jpg 600w, https:\/\/caltino.cat\/es\/wp-content\/uploads\/2023\/02\/Construccio_de_jardi_ideal_per_celebracions_3-800x533.jpg 800w, https:\/\/caltino.cat\/es\/wp-content\/uploads\/2023\/02\/Construccio_de_jardi_ideal_per_celebracions_3-1200x800.jpg 1200w, https:\/\/caltino.cat\/es\/wp-content\/uploads\/2023\/02\/Construccio_de_jardi_ideal_per_celebracions_3.jpg 1440w\" sizes=\"(max-width: 640px) 100vw, 1200px\" \/><\/span><\/li><li class=\"image\"><span class=\"fusion-image-hover-element hover-type-none\"><img decoding=\"async\" src=\"https:\/\/caltino.cat\/es\/wp-content\/uploads\/2023\/02\/Construccio_de_jardi_ideal_per_celebracions_4.jpg\" width=\"1440\" height=\"960\" class=\"wp-image-4139\" srcset=\"https:\/\/caltino.cat\/es\/wp-content\/uploads\/2023\/02\/Construccio_de_jardi_ideal_per_celebracions_4-200x133.jpg 200w, https:\/\/caltino.cat\/es\/wp-content\/uploads\/2023\/02\/Construccio_de_jardi_ideal_per_celebracions_4-400x267.jpg 400w, https:\/\/caltino.cat\/es\/wp-content\/uploads\/2023\/02\/Construccio_de_jardi_ideal_per_celebracions_4-600x400.jpg 600w, https:\/\/caltino.cat\/es\/wp-content\/uploads\/2023\/02\/Construccio_de_jardi_ideal_per_celebracions_4-800x533.jpg 800w, https:\/\/caltino.cat\/es\/wp-content\/uploads\/2023\/02\/Construccio_de_jardi_ideal_per_celebracions_4-1200x800.jpg 1200w, https:\/\/caltino.cat\/es\/wp-content\/uploads\/2023\/02\/Construccio_de_jardi_ideal_per_celebracions_4.jpg 1440w\" sizes=\"(max-width: 640px) 100vw, 1200px\" \/><\/span><\/li><li class=\"image\"><span class=\"fusion-image-hover-element hover-type-none\"><img decoding=\"async\" src=\"https:\/\/caltino.cat\/es\/wp-content\/uploads\/2023\/02\/Construccio_integrada_al_territori_Montserrati_1-1.jpg\" width=\"1440\" height=\"960\" class=\"wp-image-4141\" srcset=\"https:\/\/caltino.cat\/es\/wp-content\/uploads\/2023\/02\/Construccio_integrada_al_territori_Montserrati_1-1-200x133.jpg 200w, https:\/\/caltino.cat\/es\/wp-content\/uploads\/2023\/02\/Construccio_integrada_al_territori_Montserrati_1-1-400x267.jpg 400w, https:\/\/caltino.cat\/es\/wp-content\/uploads\/2023\/02\/Construccio_integrada_al_territori_Montserrati_1-1-600x400.jpg 600w, https:\/\/caltino.cat\/es\/wp-content\/uploads\/2023\/02\/Construccio_integrada_al_territori_Montserrati_1-1-800x533.jpg 800w, https:\/\/caltino.cat\/es\/wp-content\/uploads\/2023\/02\/Construccio_integrada_al_territori_Montserrati_1-1-1200x800.jpg 1200w, https:\/\/caltino.cat\/es\/wp-content\/uploads\/2023\/02\/Construccio_integrada_al_territori_Montserrati_1-1.jpg 1440w\" sizes=\"(max-width: 640px) 100vw, 1200px\" \/><\/span><\/li><li class=\"image\"><span class=\"fusion-image-hover-element hover-type-none\"><img decoding=\"async\" src=\"https:\/\/caltino.cat\/es\/wp-content\/uploads\/2023\/02\/Enjardiment_de_casa_particular_1.jpg\" width=\"1440\" height=\"960\" class=\"wp-image-4143\" srcset=\"https:\/\/caltino.cat\/es\/wp-content\/uploads\/2023\/02\/Enjardiment_de_casa_particular_1-200x133.jpg 200w, https:\/\/caltino.cat\/es\/wp-content\/uploads\/2023\/02\/Enjardiment_de_casa_particular_1-400x267.jpg 400w, https:\/\/caltino.cat\/es\/wp-content\/uploads\/2023\/02\/Enjardiment_de_casa_particular_1-600x400.jpg 600w, https:\/\/caltino.cat\/es\/wp-content\/uploads\/2023\/02\/Enjardiment_de_casa_particular_1-800x533.jpg 800w, https:\/\/caltino.cat\/es\/wp-content\/uploads\/2023\/02\/Enjardiment_de_casa_particular_1-1200x800.jpg 1200w, https:\/\/caltino.cat\/es\/wp-content\/uploads\/2023\/02\/Enjardiment_de_casa_particular_1.jpg 1440w\" sizes=\"(max-width: 640px) 100vw, 1200px\" \/><\/span><\/li><li class=\"image\"><span class=\"fusion-image-hover-element hover-type-none\"><img decoding=\"async\" src=\"https:\/\/caltino.cat\/es\/wp-content\/uploads\/2023\/02\/Espai_natural_de_somni_en_una_masia_rural_1-1.jpg\" width=\"1440\" height=\"960\" class=\"wp-image-4145\" srcset=\"https:\/\/caltino.cat\/es\/wp-content\/uploads\/2023\/02\/Espai_natural_de_somni_en_una_masia_rural_1-1-200x133.jpg 200w, https:\/\/caltino.cat\/es\/wp-content\/uploads\/2023\/02\/Espai_natural_de_somni_en_una_masia_rural_1-1-400x267.jpg 400w, https:\/\/caltino.cat\/es\/wp-content\/uploads\/2023\/02\/Espai_natural_de_somni_en_una_masia_rural_1-1-600x400.jpg 600w, https:\/\/caltino.cat\/es\/wp-content\/uploads\/2023\/02\/Espai_natural_de_somni_en_una_masia_rural_1-1-800x533.jpg 800w, https:\/\/caltino.cat\/es\/wp-content\/uploads\/2023\/02\/Espai_natural_de_somni_en_una_masia_rural_1-1-1200x800.jpg 1200w, https:\/\/caltino.cat\/es\/wp-content\/uploads\/2023\/02\/Espai_natural_de_somni_en_una_masia_rural_1-1.jpg 1440w\" sizes=\"(max-width: 640px) 100vw, 1200px\" \/><\/span><\/li><li class=\"image\"><span class=\"fusion-image-hover-element hover-type-none\"><img decoding=\"async\" src=\"https:\/\/caltino.cat\/es\/wp-content\/uploads\/2023\/02\/Jardi_amb_desnivells_1.jpg\" width=\"1440\" height=\"960\" class=\"wp-image-4147\" srcset=\"https:\/\/caltino.cat\/es\/wp-content\/uploads\/2023\/02\/Jardi_amb_desnivells_1-200x133.jpg 200w, https:\/\/caltino.cat\/es\/wp-content\/uploads\/2023\/02\/Jardi_amb_desnivells_1-400x267.jpg 400w, https:\/\/caltino.cat\/es\/wp-content\/uploads\/2023\/02\/Jardi_amb_desnivells_1-600x400.jpg 600w, https:\/\/caltino.cat\/es\/wp-content\/uploads\/2023\/02\/Jardi_amb_desnivells_1-800x533.jpg 800w, https:\/\/caltino.cat\/es\/wp-content\/uploads\/2023\/02\/Jardi_amb_desnivells_1-1200x800.jpg 1200w, https:\/\/caltino.cat\/es\/wp-content\/uploads\/2023\/02\/Jardi_amb_desnivells_1.jpg 1440w\" sizes=\"(max-width: 640px) 100vw, 1200px\" \/><\/span><\/li><li class=\"image\"><span class=\"fusion-image-hover-element hover-type-none\"><img decoding=\"async\" src=\"https:\/\/caltino.cat\/es\/wp-content\/uploads\/2023\/02\/Jardi_espectacular_a_Sant_Vicenc_de_Montalt_1.jpeg\" width=\"1440\" height=\"960\" class=\"wp-image-4149\" srcset=\"https:\/\/caltino.cat\/es\/wp-content\/uploads\/2023\/02\/Jardi_espectacular_a_Sant_Vicenc_de_Montalt_1-200x133.jpeg 200w, https:\/\/caltino.cat\/es\/wp-content\/uploads\/2023\/02\/Jardi_espectacular_a_Sant_Vicenc_de_Montalt_1-400x267.jpeg 400w, https:\/\/caltino.cat\/es\/wp-content\/uploads\/2023\/02\/Jardi_espectacular_a_Sant_Vicenc_de_Montalt_1-600x400.jpeg 600w, https:\/\/caltino.cat\/es\/wp-content\/uploads\/2023\/02\/Jardi_espectacular_a_Sant_Vicenc_de_Montalt_1-800x533.jpeg 800w, https:\/\/caltino.cat\/es\/wp-content\/uploads\/2023\/02\/Jardi_espectacular_a_Sant_Vicenc_de_Montalt_1-1200x800.jpeg 1200w, https:\/\/caltino.cat\/es\/wp-content\/uploads\/2023\/02\/Jardi_espectacular_a_Sant_Vicenc_de_Montalt_1.jpeg 1440w\" sizes=\"(max-width: 640px) 100vw, 1200px\" \/><\/span><\/li><li class=\"image\"><span class=\"fusion-image-hover-element hover-type-none\"><img decoding=\"async\" src=\"https:\/\/caltino.cat\/es\/wp-content\/uploads\/2023\/02\/Jespa_natural_1.jpg\" width=\"800\" height=\"533\" class=\"wp-image-4151\" srcset=\"https:\/\/caltino.cat\/es\/wp-content\/uploads\/2023\/02\/Jespa_natural_1-200x133.jpg 200w, https:\/\/caltino.cat\/es\/wp-content\/uploads\/2023\/02\/Jespa_natural_1-400x267.jpg 400w, https:\/\/caltino.cat\/es\/wp-content\/uploads\/2023\/02\/Jespa_natural_1-600x400.jpg 600w, https:\/\/caltino.cat\/es\/wp-content\/uploads\/2023\/02\/Jespa_natural_1.jpg 800w\" sizes=\"(max-width: 640px) 100vw, 800px\" \/><\/span><\/li><li class=\"image\"><span class=\"fusion-image-hover-element hover-type-none\"><img decoding=\"async\" src=\"https:\/\/caltino.cat\/es\/wp-content\/uploads\/2021\/10\/construccio-1.jpg\" width=\"1600\" height=\"1066\" class=\"wp-image-770\" srcset=\"https:\/\/caltino.cat\/es\/wp-content\/uploads\/2021\/10\/construccio-1-200x133.jpg 200w, https:\/\/caltino.cat\/es\/wp-content\/uploads\/2021\/10\/construccio-1-400x267.jpg 400w, https:\/\/caltino.cat\/es\/wp-content\/uploads\/2021\/10\/construccio-1-600x400.jpg 600w, https:\/\/caltino.cat\/es\/wp-content\/uploads\/2021\/10\/construccio-1-800x533.jpg 800w, https:\/\/caltino.cat\/es\/wp-content\/uploads\/2021\/10\/construccio-1-1200x800.jpg 1200w, https:\/\/caltino.cat\/es\/wp-content\/uploads\/2021\/10\/construccio-1.jpg 1600w\" sizes=\"(max-width: 640px) 100vw, 1200px\" \/><\/span><\/li><\/ul><\/div><\/div><\/div><style type=\"text\/css\">.fusion-body .fusion-builder-column-1{width:100% !important;margin-top : 0px;margin-bottom : 20px;}.fusion-builder-column-1 > .fusion-column-wrapper {padding-top : 0px !important;padding-right : 0px !important;margin-right : 1.92%;padding-bottom : 0px !important;padding-left : 0px !important;margin-left : 1.92%;}@media only screen and (max-width:1024px) {.fusion-body .fusion-builder-column-1{width:100% !important;order : 0;}.fusion-builder-column-1 > .fusion-column-wrapper {margin-right : 1.92%;margin-left : 1.92%;}}@media only screen and (max-width:640px) {.fusion-body .fusion-builder-column-1{width:100% !important;order : 0;}.fusion-builder-column-1 > .fusion-column-wrapper {margin-right : 1.92%;margin-left : 1.92%;}}<\/style><\/div><\/div><style type=\"text\/css\">.fusion-body .fusion-flex-container.fusion-builder-row-2{ padding-top : 0px;margin-top : 0px;padding-right : 0px;padding-bottom : 0px;margin-bottom : 0px;padding-left : 0px;}<\/style><\/div><div class=\"fusion-fullwidth fullwidth-box fusion-builder-row-3 fusion-flex-container nonhundred-percent-fullwidth non-hundred-percent-height-scrolling\" style=\"background-color: rgba(255,255,255,0);background-position: center center;background-repeat: no-repeat;border-width: 0px 0px 0px 0px;border-color:#e2e2e2;border-style:solid;\" ><div class=\"fusion-builder-row fusion-row fusion-flex-align-items-stretch fusion-flex-justify-content-space-evenly\" style=\"max-width:956.8px;margin-left: calc(-4% \/ 2 );margin-right: calc(-4% \/ 2 );\"><div class=\"fusion-layout-column fusion_builder_column fusion-builder-column-2 fusion_builder_column_1_1 1_1 fusion-flex-column\"><div class=\"fusion-column-wrapper fusion-flex-justify-content-flex-start fusion-content-layout-column\" style=\"background-position:left top;background-repeat:no-repeat;-webkit-background-size:cover;-moz-background-size:cover;-o-background-size:cover;background-size:cover;padding: 0px 0px 0px 0px;\"><style type=\"text\/css\"><\/style><div class=\"fusion-title title fusion-title-3 fusion-sep-none fusion-title-center fusion-title-text fusion-title-size-two fusion-title-default-margin\" style=\" margin-top:0px; margin-bottom:0px\"><h2 class=\"title-heading-center\">Proceso ejecutivo<\/h2><\/div><\/div><style type=\"text\/css\">.fusion-body .fusion-builder-column-2{width:100% !important;margin-top : 0px;margin-bottom : 20px;}.fusion-builder-column-2 > .fusion-column-wrapper {padding-top : 0px !important;padding-right : 0px !important;margin-right : 1.92%;padding-bottom : 0px !important;padding-left : 0px !important;margin-left : 1.92%;}@media only screen and (max-width:1024px) {.fusion-body .fusion-builder-column-2{width:100% !important;order : 0;}.fusion-builder-column-2 > .fusion-column-wrapper {margin-right : 1.92%;margin-left : 1.92%;}}@media only screen and (max-width:640px) {.fusion-body .fusion-builder-column-2{width:100% !important;order : 0;}.fusion-builder-column-2 > .fusion-column-wrapper {margin-right : 1.92%;margin-left : 1.92%;}}<\/style><\/div><div class=\"fusion-layout-column fusion_builder_column fusion-builder-column-3 fusion_builder_column_1_2 1_2 fusion-flex-column\"><div class=\"fusion-column-wrapper fusion-flex-justify-content-flex-start fusion-content-layout-column\" style=\"background-position:left top;background-repeat:no-repeat;-webkit-background-size:cover;-moz-background-size:cover;-o-background-size:cover;background-size:cover;border-width: 0 0 0 0;border-color:#dfe4df;border-style:solid;padding: 0px 0px 0px 0px;\"><div class=\"fusion-text fusion-text-2\"><h4>1. Visita inicial, proyecto y valoraci\u00f3n<\/h4>\n<p>En cualquier proyecto de construcci\u00f3n de nuevos jardines, el primer paso es realizar la visita y escuchar las ideas de los clientes para analizar su viabilidad. Posteriormente, como profesionales del paisajismo, ya nos corresponde a nosotros aconsejar qu\u00e9 es viable y que no y hacer una propuesta (proyecto 3D), donde se aportan ideas y soluciones para llegar a la construcci\u00f3n de un jard\u00edn altura que espera el cliente.<\/p>\n<h4 class=\"p1\"><span class=\"s1\">3. Instalaci\u00f3n<\/span><\/h4>\n<p class=\"p1\">Una vez adecuado el terreno, se procede a la instalaci\u00f3n del riego y la iluminaci\u00f3n del jard\u00edn, siempre teniendo en cuenta la posici\u00f3n de \u00e1rboles y plantas. El sistema de riego puede ser por gota a gota o por aspersi\u00f3n. Nuestra recomendaci\u00f3n suele ser instalar un sistema gota a gota en plantas y \u00e1rboles y reservar el sistema de riego por aspersi\u00f3n por zonas extensas como c\u00e9spedes y gram\u00edneas.<\/p>\n<\/div><\/div><style type=\"text\/css\">.fusion-body .fusion-builder-column-3{width:50% !important;margin-top : 0px;margin-bottom : 20px;}.fusion-builder-column-3 > .fusion-column-wrapper {padding-top : 0px !important;padding-right : 0px !important;margin-right : 3.84%;padding-bottom : 0px !important;padding-left : 0px !important;margin-left : 3.84%;}@media only screen and (max-width:1024px) {.fusion-body .fusion-builder-column-3{width:50% !important;order : 0;}.fusion-builder-column-3 > .fusion-column-wrapper {margin-right : 3.84%;margin-left : 3.84%;}}@media only screen and (max-width:640px) {.fusion-body .fusion-builder-column-3{width:100% !important;order : 0;}.fusion-builder-column-3 > .fusion-column-wrapper {margin-right : 1.92%;margin-left : 1.92%;}}<\/style><\/div><div class=\"fusion-layout-column fusion_builder_column fusion-builder-column-4 fusion_builder_column_1_2 1_2 fusion-flex-column\"><div class=\"fusion-column-wrapper fusion-flex-justify-content-flex-start fusion-content-layout-column\" style=\"background-position:left top;background-repeat:no-repeat;-webkit-background-size:cover;-moz-background-size:cover;-o-background-size:cover;background-size:cover;border-width: 0 0 0 0;border-color:#dfe4df;border-style:solid;padding: 0px 0px 0px 0px;\"><div class=\"fusion-text fusion-text-3\"><h4>2. Adecuaci\u00f3n del terreno y construcci\u00f3n de piscina o estanque<\/h4>\n<p>Adecuar la zona para la construcci\u00f3n del jard\u00edn es una tarea b\u00e1sica, similar a la que puede suponer ejecutar los cimientos de una casa. Las tareas m\u00e1s relevantes son: nivelar el terreno, construir escaleras con traves\u00edas de madera, definir desniveles&#8230;<\/p>\n<h4>4. Plantaci\u00f3n de jardines<\/h4>\n<p class=\"p1\">Es una de las fases m\u00e1s agradecidas por quienes trabajamos en este sector. Consiste en la colocaci\u00f3n y plantaci\u00f3n de plantas, flores y \u00e1rboles teniendo en cuenta sus necesidades de luz, agua y suelo, as\u00ed como de las condiciones ambientales de la zona donde se encuentra el jard\u00edn (lugar m\u00e1s h\u00famedo, de umbr\u00eda, calor&#8230;) y las interferencias entre especies vegetales; siempre buscando la armon\u00eda total del jard\u00edn.<\/p>\n<h4>5. Acabados<\/h4>\n<p>Es el \u00faltimo escal\u00f3n para finalizar la obra. Existen gran variedad de acabados que deben ir de acuerdo a la idea de jard\u00edn de nuestros profesionales y de nuestros clientes. Se utilizan todo tipo de marmolinas, tierra volc\u00e1nica, piedras, gravas, bolos, corteza de pino, c\u00e9sped artificial o natural para terminar la parcela de suelo y brezos y corteza de abeto para tapar zonas con cercado.<\/p>\n<\/div><\/div><style type=\"text\/css\">.fusion-body .fusion-builder-column-4{width:50% !important;margin-top : 0px;margin-bottom : 20px;}.fusion-builder-column-4 > .fusion-column-wrapper {padding-top : 0px !important;padding-right : 0px !important;margin-right : 3.84%;padding-bottom : 0px !important;padding-left : 0px !important;margin-left : 3.84%;}@media only screen and (max-width:1024px) {.fusion-body .fusion-builder-column-4{width:50% !important;order : 0;}.fusion-builder-column-4 > .fusion-column-wrapper {margin-right : 3.84%;margin-left : 3.84%;}}@media only screen and (max-width:640px) {.fusion-body .fusion-builder-column-4{width:100% !important;order : 0;}.fusion-builder-column-4 > .fusion-column-wrapper {margin-right : 1.92%;margin-left : 1.92%;}}<\/style><\/div><\/div><style type=\"text\/css\">.fusion-body .fusion-flex-container.fusion-builder-row-3{ padding-top : 0px;margin-top : 0px;padding-right : 0px;padding-bottom : 30px;margin-bottom : 12px;padding-left : 0px;}<\/style><\/div><\/p>\n","protected":false},"excerpt":{"rendered":"","protected":false},"author":7,"featured_media":0,"parent":3116,"menu_order":0,"comment_status":"closed","ping_status":"closed","template":"100-width.php","meta":{"_acf_changed":false,"_price":"","_stock":"","_tribe_ticket_header":"","_tribe_default_ticket_provider":"","_tribe_ticket_capacity":"0","_ticket_start_date":"","_ticket_end_date":"","_tribe_ticket_show_description":"","_tribe_ticket_show_not_going":false,"_tribe_ticket_use_global_stock":"","_tribe_ticket_global_stock_level":"","_global_stock_mode":"","_global_stock_cap":"","_tribe_rsvp_for_event":"","_tribe_ticket_going_count":"","_tribe_ticket_not_going_count":"","_tribe_tickets_list":"[]","_tribe_ticket_has_attendee_info_fields":false,"footnotes":""},"class_list":["post-3121","page","type-page","status-publish","hentry"],"acf":[],"jetpack_sharing_enabled":true,"_links":{"self":[{"href":"https:\/\/caltino.cat\/es\/wp-json\/wp\/v2\/pages\/3121","targetHints":{"allow":["GET"]}}],"collection":[{"href":"https:\/\/caltino.cat\/es\/wp-json\/wp\/v2\/pages"}],"about":[{"href":"https:\/\/caltino.cat\/es\/wp-json\/wp\/v2\/types\/page"}],"author":[{"embeddable":true,"href":"https:\/\/caltino.cat\/es\/wp-json\/wp\/v2\/users\/7"}],"replies":[{"embeddable":true,"href":"https:\/\/caltino.cat\/es\/wp-json\/wp\/v2\/comments?post=3121"}],"version-history":[{"count":10,"href":"https:\/\/caltino.cat\/es\/wp-json\/wp\/v2\/pages\/3121\/revisions"}],"predecessor-version":[{"id":4199,"href":"https:\/\/caltino.cat\/es\/wp-json\/wp\/v2\/pages\/3121\/revisions\/4199"}],"up":[{"embeddable":true,"href":"https:\/\/caltino.cat\/es\/wp-json\/wp\/v2\/pages\/3116"}],"wp:attachment":[{"href":"https:\/\/caltino.cat\/es\/wp-json\/wp\/v2\/media?parent=3121"}],"curies":[{"name":"wp","href":"https:\/\/api.w.org\/{rel}","templated":true}]}}