{"id":3431,"date":"2023-02-13T11:16:52","date_gmt":"2023-02-13T09:16:52","guid":{"rendered":"https:\/\/caltino.cat\/servicios-de-jardineria\/mantenimiento-de-jardines\/"},"modified":"2023-06-04T19:33:02","modified_gmt":"2023-06-04T17:33:02","slug":"mantenimiento-de-jardines","status":"publish","type":"page","link":"https:\/\/caltino.cat\/es\/servicios-de-jardineria\/mantenimiento-de-jardines\/","title":{"rendered":"Mantenimiento de jardines"},"content":{"rendered":"<p><div class=\"fusion-fullwidth fullwidth-box fusion-builder-row-1 fusion-flex-container nonhundred-percent-fullwidth non-hundred-percent-height-scrolling\" style=\"background-color: rgba(255,255,255,0);background-position: center center;background-repeat: no-repeat;border-width: 0px 0px 0px 0px;border-color:#e2e2e2;border-style:solid;\" ><div class=\"fusion-builder-row fusion-row fusion-flex-align-items-flex-start\" style=\"max-width:956.8px;margin-left: calc(-4% \/ 2 );margin-right: calc(-4% \/ 2 );\"><div class=\"fusion-layout-column fusion_builder_column fusion-builder-column-0 fusion_builder_column_1_1 1_1 fusion-flex-column\"><div class=\"fusion-column-wrapper fusion-flex-justify-content-flex-start fusion-content-layout-column\" style=\"background-position:left top;background-repeat:no-repeat;-webkit-background-size:cover;-moz-background-size:cover;-o-background-size:cover;background-size:cover;padding: 0px 0px 0px 0px;\"><div style=\"text-align:center;\"><span class=\" fusion-imageframe imageframe-none imageframe-1 hover-type-none\" style=\"max-width:100px;\"><img decoding=\"async\" width=\"161\" height=\"161\" title=\"Manteniments_jardins@2x\" src=\"https:\/\/caltino.cat\/es\/wp-content\/uploads\/2022\/11\/Manteniments_jardins@2x.png\" alt class=\"img-responsive wp-image-1586\" srcset=\"https:\/\/caltino.cat\/es\/wp-content\/uploads\/2022\/11\/Manteniments_jardins@2x-66x66.png 66w, https:\/\/caltino.cat\/es\/wp-content\/uploads\/2022\/11\/Manteniments_jardins@2x-150x150.png 150w, https:\/\/caltino.cat\/es\/wp-content\/uploads\/2022\/11\/Manteniments_jardins@2x.png 161w\" sizes=\"(max-width: 161px) 100vw, 161px\" \/><\/span><\/div><style type=\"text\/css\"><\/style><div class=\"fusion-title title fusion-title-1 fusion-sep-none fusion-title-center fusion-title-text fusion-title-size-one fusion-title-default-margin\" style=\" margin-top:0px; margin-bottom:0px\"><h1 class=\"title-heading-center\"><p class=\"p1\"><span class=\"s1\">Mantenimiento de jardines<\/span><\/p><\/h1><\/div><style type=\"text\/css\"><\/style><div class=\"fusion-title title fusion-title-2 fusion-sep-none fusion-title-center fusion-title-text fusion-title-size-three fusion-title-default-margin\" style=\" margin-top:0px; margin-bottom:0px\"><h3 class=\"title-heading-center\"><p class=\"p1\"><span class=\"s1\">TE AYUDAMOS A MANTENER TU JARD\u00cdN COMO EL PRIMER D\u00cdA<\/span><\/p><\/h3><\/div><\/div><style type=\"text\/css\">.fusion-body .fusion-builder-column-0{width:100% !important;margin-top : 0px;margin-bottom : 20px;}.fusion-builder-column-0 > .fusion-column-wrapper {padding-top : 0px !important;padding-right : 0px !important;margin-right : 1.92%;padding-bottom : 0px !important;padding-left : 0px !important;margin-left : 1.92%;}@media only screen and (max-width:1024px) {.fusion-body .fusion-builder-column-0{width:100% !important;order : 0;}.fusion-builder-column-0 > .fusion-column-wrapper {margin-right : 1.92%;margin-left : 1.92%;}}@media only screen and (max-width:640px) {.fusion-body .fusion-builder-column-0{width:100% !important;order : 0;}.fusion-builder-column-0 > .fusion-column-wrapper {margin-right : 1.92%;margin-left : 1.92%;}}<\/style><\/div><\/div><style type=\"text\/css\">.fusion-body .fusion-flex-container.fusion-builder-row-1{ padding-top : 0px;margin-top : 0px;padding-right : 0px;padding-bottom : 0px;margin-bottom : 0px;padding-left : 0px;}<\/style><\/div><div class=\"fusion-fullwidth fullwidth-box fusion-builder-row-2 fusion-flex-container nonhundred-percent-fullwidth non-hundred-percent-height-scrolling\" style=\"background-color: rgba(255,255,255,0);background-position: center center;background-repeat: no-repeat;border-width: 0px 0px 0px 0px;border-color:#e2e2e2;border-style:solid;\" ><div class=\"fusion-builder-row fusion-row fusion-flex-align-items-flex-start\" style=\"max-width:956.8px;margin-left: calc(-4% \/ 2 );margin-right: calc(-4% \/ 2 );\"><div class=\"fusion-layout-column fusion_builder_column fusion-builder-column-1 fusion_builder_column_1_2 1_2 fusion-flex-column\"><div class=\"fusion-column-wrapper fusion-flex-justify-content-flex-start fusion-content-layout-column\" style=\"background-position:left top;background-repeat:no-repeat;-webkit-background-size:cover;-moz-background-size:cover;-o-background-size:cover;background-size:cover;padding: 0px 0px 0px 0px;\"><div class=\"fusion-text fusion-text-1\"><p>La formaci\u00f3n y la experiencia son la base para realizar un mantenimiento adecuado de los jardines que se nos asignan.<\/p>\n<p>Disponemos de una amplia cartera de clientes que conf\u00eda en nuestro trabajo de mantenimiento de sus jardines, actividad que ocupa buena parte de nuestro d\u00eda a d\u00eda. El seguimiento y control semanal de un jard\u00edn forma parte habitual de la labor de mantenimiento, y es la clave para mantenerlo sano,<\/p>\n<\/div><\/div><style type=\"text\/css\">.fusion-body .fusion-builder-column-1{width:50% !important;margin-top : 0px;margin-bottom : 20px;}.fusion-builder-column-1 > .fusion-column-wrapper {padding-top : 0px !important;padding-right : 0px !important;margin-right : 3.84%;padding-bottom : 0px !important;padding-left : 0px !important;margin-left : 3.84%;}@media only screen and (max-width:1024px) {.fusion-body .fusion-builder-column-1{width:50% !important;order : 0;}.fusion-builder-column-1 > .fusion-column-wrapper {margin-right : 3.84%;margin-left : 3.84%;}}@media only screen and (max-width:640px) {.fusion-body .fusion-builder-column-1{width:100% !important;order : 0;}.fusion-builder-column-1 > .fusion-column-wrapper {margin-right : 1.92%;margin-left : 1.92%;}}<\/style><\/div><div class=\"fusion-layout-column fusion_builder_column fusion-builder-column-2 fusion_builder_column_1_2 1_2 fusion-flex-column\"><div class=\"fusion-column-wrapper fusion-flex-justify-content-flex-start fusion-content-layout-column\" style=\"background-position:left top;background-repeat:no-repeat;-webkit-background-size:cover;-moz-background-size:cover;-o-background-size:cover;background-size:cover;padding: 0px 0px 0px 0px;\"><div class=\"fusion-text fusion-text-2\"><p>detectar y tratar cualquier tipo de enfermedad, problemas con la reguera, etc.<\/p>\n<p class=\"p1\"><span style=\"background-color: rgba(255, 255, 255, 0); color: var(--body_typography-color); font-family: var(--body_typography-font-family); font-size: var(--body_typography-font-size); font-style: var(--body_typography-font-style,normal); font-weight: var(--body_typography-font-weight); letter-spacing: var(--body_typography-letter-spacing);\">Dentro la tarea de mantenimiento destaca una actividad muy remarcable que es la poda de todo tipo de \u00e1rbol o planta. Disponemos de personal especializado, poda en altura para afrontar cualquier reto que se nos plantee.<\/span>.<\/p>\n<\/div><\/div><style type=\"text\/css\">.fusion-body .fusion-builder-column-2{width:50% !important;margin-top : 0px;margin-bottom : 20px;}.fusion-builder-column-2 > .fusion-column-wrapper {padding-top : 0px !important;padding-right : 0px !important;margin-right : 3.84%;padding-bottom : 0px !important;padding-left : 0px !important;margin-left : 3.84%;}@media only screen and (max-width:1024px) {.fusion-body .fusion-builder-column-2{width:50% !important;order : 0;}.fusion-builder-column-2 > .fusion-column-wrapper {margin-right : 3.84%;margin-left : 3.84%;}}@media only screen and (max-width:640px) {.fusion-body .fusion-builder-column-2{width:100% !important;order : 0;}.fusion-builder-column-2 > .fusion-column-wrapper {margin-right : 1.92%;margin-left : 1.92%;}}<\/style><\/div><\/div><style type=\"text\/css\">.fusion-body .fusion-flex-container.fusion-builder-row-2{ padding-top : 0px;margin-top : 0px;padding-right : 0px;padding-bottom : 0px;margin-bottom : 0px;padding-left : 0px;}<\/style><\/div><div class=\"fusion-fullwidth fullwidth-box fusion-builder-row-3 fusion-flex-container has-pattern-background has-mask-background hundred-percent-fullwidth non-hundred-percent-height-scrolling\" style=\"background-color: rgba(255,255,255,0);background-position: center center;background-repeat: no-repeat;border-width: 0px 0px 0px 0px;border-color:#e2e2e2;border-style:solid;\" ><div class=\"fusion-builder-row fusion-row fusion-flex-align-items-flex-start\" style=\"width:104% !important;max-width:104% !important;margin-left: calc(-4% \/ 2 );margin-right: calc(-4% \/ 2 );\"><div class=\"fusion-layout-column fusion_builder_column fusion-builder-column-3 fusion_builder_column_1_1 1_1 fusion-flex-column\"><div class=\"fusion-column-wrapper fusion-flex-justify-content-flex-start fusion-content-layout-column\" style=\"background-position:left top;background-repeat:no-repeat;-webkit-background-size:cover;-moz-background-size:cover;-o-background-size:cover;background-size:cover;padding: 0px 0px 0px 0px;\"><div class=\"fusion-slider-sc\"><div class=\"fusion-flexslider-loading flexslider flexslider-hover-type-none\" data-slideshow_autoplay=\"1\" data-slideshow_smooth_height=\"0\" data-slideshow_speed=\"7000\" style=\"max-width:100%;height:100%;\"><ul class=\"slides\"><li class=\"image\"><span class=\"fusion-image-hover-element hover-type-none\"><img decoding=\"async\" src=\"https:\/\/caltino.cat\/es\/wp-content\/uploads\/2021\/06\/TORA_02.jpg\" width=\"1200\" height=\"800\" class=\"wp-image-4161\" srcset=\"https:\/\/caltino.cat\/es\/wp-content\/uploads\/2021\/06\/TORA_02-200x133.jpg 200w, https:\/\/caltino.cat\/es\/wp-content\/uploads\/2021\/06\/TORA_02-400x267.jpg 400w, https:\/\/caltino.cat\/es\/wp-content\/uploads\/2021\/06\/TORA_02-600x400.jpg 600w, https:\/\/caltino.cat\/es\/wp-content\/uploads\/2021\/06\/TORA_02-800x533.jpg 800w, https:\/\/caltino.cat\/es\/wp-content\/uploads\/2021\/06\/TORA_02.jpg 1200w\" sizes=\"(max-width: 640px) 100vw, 1200px\" \/><\/span><\/li><li class=\"image\"><span class=\"fusion-image-hover-element hover-type-none\"><img decoding=\"async\" src=\"https:\/\/caltino.cat\/es\/wp-content\/uploads\/2023\/02\/Jardi_amb_piscina_2.jpg\" width=\"1440\" height=\"960\" class=\"wp-image-4209\" srcset=\"https:\/\/caltino.cat\/es\/wp-content\/uploads\/2023\/02\/Jardi_amb_piscina_2-200x133.jpg 200w, https:\/\/caltino.cat\/es\/wp-content\/uploads\/2023\/02\/Jardi_amb_piscina_2-400x267.jpg 400w, https:\/\/caltino.cat\/es\/wp-content\/uploads\/2023\/02\/Jardi_amb_piscina_2-600x400.jpg 600w, https:\/\/caltino.cat\/es\/wp-content\/uploads\/2023\/02\/Jardi_amb_piscina_2-800x533.jpg 800w, https:\/\/caltino.cat\/es\/wp-content\/uploads\/2023\/02\/Jardi_amb_piscina_2-1200x800.jpg 1200w, https:\/\/caltino.cat\/es\/wp-content\/uploads\/2023\/02\/Jardi_amb_piscina_2.jpg 1440w\" sizes=\"(max-width: 640px) 100vw, 1200px\" \/><\/span><\/li><li class=\"image\"><span class=\"fusion-image-hover-element hover-type-none\"><img decoding=\"async\" src=\"https:\/\/caltino.cat\/es\/wp-content\/uploads\/2023\/02\/Jardi_amb_mur.jpg\" width=\"1440\" height=\"960\" class=\"wp-image-4207\" srcset=\"https:\/\/caltino.cat\/es\/wp-content\/uploads\/2023\/02\/Jardi_amb_mur-200x133.jpg 200w, https:\/\/caltino.cat\/es\/wp-content\/uploads\/2023\/02\/Jardi_amb_mur-400x267.jpg 400w, https:\/\/caltino.cat\/es\/wp-content\/uploads\/2023\/02\/Jardi_amb_mur-600x400.jpg 600w, https:\/\/caltino.cat\/es\/wp-content\/uploads\/2023\/02\/Jardi_amb_mur-800x533.jpg 800w, https:\/\/caltino.cat\/es\/wp-content\/uploads\/2023\/02\/Jardi_amb_mur-1200x800.jpg 1200w, https:\/\/caltino.cat\/es\/wp-content\/uploads\/2023\/02\/Jardi_amb_mur.jpg 1440w\" sizes=\"(max-width: 640px) 100vw, 1200px\" \/><\/span><\/li><\/ul><\/div><\/div><\/div><style type=\"text\/css\">.fusion-body .fusion-builder-column-3{width:100% !important;margin-top : 0px;margin-bottom : 0px;}.fusion-builder-column-3 > .fusion-column-wrapper {padding-top : 0px !important;padding-right : 0px !important;margin-right : 1.92%;padding-bottom : 0px !important;padding-left : 0px !important;margin-left : 1.92%;}@media only screen and (max-width:1024px) {.fusion-body .fusion-builder-column-3{width:100% !important;order : 0;}.fusion-builder-column-3 > .fusion-column-wrapper {margin-right : 1.92%;margin-left : 1.92%;}}@media only screen and (max-width:640px) {.fusion-body .fusion-builder-column-3{width:100% !important;order : 0;}.fusion-builder-column-3 > .fusion-column-wrapper {margin-right : 1.92%;margin-left : 1.92%;}}<\/style><\/div><\/div><style type=\"text\/css\">.fusion-body .fusion-flex-container.fusion-builder-row-3{ padding-top : 0px;margin-top : 0px;padding-right : 0px;padding-bottom : 0px;margin-bottom : 0px;padding-left : 0px;}<\/style><\/div><\/p>\n","protected":false},"excerpt":{"rendered":"","protected":false},"author":7,"featured_media":0,"parent":3116,"menu_order":0,"comment_status":"closed","ping_status":"closed","template":"100-width.php","meta":{"_acf_changed":false,"_price":"","_stock":"","_tribe_ticket_header":"","_tribe_default_ticket_provider":"","_tribe_ticket_capacity":"0","_ticket_start_date":"","_ticket_end_date":"","_tribe_ticket_show_description":"","_tribe_ticket_show_not_going":false,"_tribe_ticket_use_global_stock":"","_tribe_ticket_global_stock_level":"","_global_stock_mode":"","_global_stock_cap":"","_tribe_rsvp_for_event":"","_tribe_ticket_going_count":"","_tribe_ticket_not_going_count":"","_tribe_tickets_list":"[]","_tribe_ticket_has_attendee_info_fields":false,"footnotes":""},"class_list":["post-3431","page","type-page","status-publish","hentry"],"acf":[],"jetpack_sharing_enabled":true,"_links":{"self":[{"href":"https:\/\/caltino.cat\/es\/wp-json\/wp\/v2\/pages\/3431","targetHints":{"allow":["GET"]}}],"collection":[{"href":"https:\/\/caltino.cat\/es\/wp-json\/wp\/v2\/pages"}],"about":[{"href":"https:\/\/caltino.cat\/es\/wp-json\/wp\/v2\/types\/page"}],"author":[{"embeddable":true,"href":"https:\/\/caltino.cat\/es\/wp-json\/wp\/v2\/users\/7"}],"replies":[{"embeddable":true,"href":"https:\/\/caltino.cat\/es\/wp-json\/wp\/v2\/comments?post=3431"}],"version-history":[{"count":15,"href":"https:\/\/caltino.cat\/es\/wp-json\/wp\/v2\/pages\/3431\/revisions"}],"predecessor-version":[{"id":5324,"href":"https:\/\/caltino.cat\/es\/wp-json\/wp\/v2\/pages\/3431\/revisions\/5324"}],"up":[{"embeddable":true,"href":"https:\/\/caltino.cat\/es\/wp-json\/wp\/v2\/pages\/3116"}],"wp:attachment":[{"href":"https:\/\/caltino.cat\/es\/wp-json\/wp\/v2\/media?parent=3431"}],"curies":[{"name":"wp","href":"https:\/\/api.w.org\/{rel}","templated":true}]}}